{"id":1562,"date":"2021-07-13T18:02:18","date_gmt":"2021-07-13T18:02:18","guid":{"rendered":"http:\/\/www.jack-russell-sawasdee.de\/?page_id=1562"},"modified":"2024-01-25T10:43:58","modified_gmt":"2024-01-25T10:43:58","slug":"kaszavoelgyi-fuerge-uedvoeske-blueblue","status":"publish","type":"page","link":"http:\/\/www.jack-russell-sawasdee.de\/?page_id=1562","title":{"rendered":"Kaszav\u00f6lgyi-F\u00fcrge \u00dcdv\u00f6ske &#8222;Bl\u00fcBl\u00fc&#8220;"},"content":{"rendered":"<p><img loading=\"lazy\" decoding=\"async\" class=\"aligncenter size-full wp-image-1563\" src=\"http:\/\/www.jack-russell-sawasdee.de\/wp-content\/uploads\/2021\/07\/0014_IMG_3962-scaled.jpg\" alt=\"\" width=\"2560\" height=\"1707\" srcset=\"http:\/\/www.jack-russell-sawasdee.de\/wp-content\/uploads\/2021\/07\/0014_IMG_3962-scaled.jpg 2560w, http:\/\/www.jack-russell-sawasdee.de\/wp-content\/uploads\/2021\/07\/0014_IMG_3962-300x200.jpg 300w, http:\/\/www.jack-russell-sawasdee.de\/wp-content\/uploads\/2021\/07\/0014_IMG_3962-1024x683.jpg 1024w, http:\/\/www.jack-russell-sawasdee.de\/wp-content\/uploads\/2021\/07\/0014_IMG_3962-768x512.jpg 768w, http:\/\/www.jack-russell-sawasdee.de\/wp-content\/uploads\/2021\/07\/0014_IMG_3962-1536x1024.jpg 1536w, http:\/\/www.jack-russell-sawasdee.de\/wp-content\/uploads\/2021\/07\/0014_IMG_3962-2048x1365.jpg 2048w, http:\/\/www.jack-russell-sawasdee.de\/wp-content\/uploads\/2021\/07\/0014_IMG_3962-1200x800.jpg 1200w\" sizes=\"auto, (max-width: 709px) 85vw, (max-width: 909px) 67vw, (max-width: 1362px) 62vw, 840px\" \/><\/p>\n<h4><span style=\"color: #ffcc00;\"><strong><span style=\"color: #ffcc00;\"><a style=\"color: #ffcc00;\" href=\"http:\/\/www.jack-russell-sawasdee.de\/?page_id=1574\">PEDIGREE\/GESUNDHEIT<\/a>\u00a0<\/span> \u00a0 \u00a0 \u00a0 \u00a0<span style=\"color: #ffcc00;\"><a style=\"color: #ffcc00;\" href=\"http:\/\/www.jack-russell-sawasdee.de\/?page_id=1596\">AUSSTELLUNG<\/a><\/span>\u00a0 \u00a0 \u00a0 \u00a0 \u00a0\u00a0<span style=\"color: #ffcc00;\"><a style=\"color: #ffcc00;\" href=\"https:\/\/my.hidrive.com\/share\/fb7gashghn\">FOTOECKE\u00a0<\/a><\/span><\/strong><\/span><\/h4>\n<p>&nbsp;<\/p>\n<h4><b>14 AUSSTELLUNGEN \u2014 14 <\/b><b>PLATZIERUNGEN<\/b><\/h4>\n<table border=\"1\">\n<tbody>\n<tr>\n<td style=\"text-align: center;\">\n<h4>9 X PLATZ 1<\/h4>\n<\/td>\n<td style=\"text-align: center;\">\n<h4>5 X PLATZ 2<\/h4>\n<\/td>\n<td style=\"text-align: center;\">\n<h4>1 X CAC-J<\/h4>\n<\/td>\n<\/tr>\n<tr>\n<td style=\"text-align: center;\">\n<h4>2 x RESCAC<\/h4>\n<\/td>\n<td style=\"text-align: center;\">\n<h4>5 x BOS<\/h4>\n<\/td>\n<td style=\"text-align: center;\">\n<h4>2 x Best Puppy<\/h4>\n<\/td>\n<\/tr>\n<tr>\n<td style=\"text-align: center;\">\n<h4>6 x CAC<\/h4>\n<\/td>\n<td style=\"text-align: center;\">\n<h4>BOB<\/h4>\n<\/td>\n<td style=\"text-align: center;\">\n<h4>Klub-Siegerin<\/h4>\n<\/td>\n<\/tr>\n<tr>\n<td style=\"text-align: center;\">\n<h4>1 x RESCACIB<\/h4>\n<\/td>\n<td style=\"text-align: center;\">\n<h4><\/h4>\n<\/td>\n<td style=\"text-align: center;\">\n<h4><\/h4>\n<\/td>\n<\/tr>\n<\/tbody>\n<\/table>\n<h4><span style=\"color: #ffcc00;\"><strong>KFT-Klubsiegerin<\/strong><\/span><\/h4>\n<h4><span style=\"color: #ffcc00;\"><strong>Deutscher Champion KFT<\/strong><\/span><\/h4>\n<table style=\"border-collapse: collapse; width: 100%;\">\n<tbody>\n<tr>\n<td style=\"width: 33.3333%;\"><img loading=\"lazy\" decoding=\"async\" class=\"alignnone size-full wp-image-2435\" src=\"http:\/\/www.jack-russell-sawasdee.de\/wp-content\/uploads\/2024\/01\/KFT-Champion.jpg\" alt=\"\" width=\"1700\" height=\"2338\" srcset=\"http:\/\/www.jack-russell-sawasdee.de\/wp-content\/uploads\/2024\/01\/KFT-Champion.jpg 1700w, http:\/\/www.jack-russell-sawasdee.de\/wp-content\/uploads\/2024\/01\/KFT-Champion-218x300.jpg 218w, http:\/\/www.jack-russell-sawasdee.de\/wp-content\/uploads\/2024\/01\/KFT-Champion-745x1024.jpg 745w, http:\/\/www.jack-russell-sawasdee.de\/wp-content\/uploads\/2024\/01\/KFT-Champion-768x1056.jpg 768w, http:\/\/www.jack-russell-sawasdee.de\/wp-content\/uploads\/2024\/01\/KFT-Champion-1117x1536.jpg 1117w, http:\/\/www.jack-russell-sawasdee.de\/wp-content\/uploads\/2024\/01\/KFT-Champion-1489x2048.jpg 1489w, http:\/\/www.jack-russell-sawasdee.de\/wp-content\/uploads\/2024\/01\/KFT-Champion-1200x1650.jpg 1200w\" sizes=\"auto, (max-width: 709px) 85vw, (max-width: 909px) 67vw, (max-width: 1362px) 62vw, 840px\" \/><\/td>\n<td style=\"width: 52.7381%;\"><img loading=\"lazy\" decoding=\"async\" class=\"aligncenter wp-image-1692 size-large\" src=\"http:\/\/www.jack-russell-sawasdee.de\/wp-content\/uploads\/2021\/09\/Klubsiegerin-Blue-1024x745.jpg\" alt=\"\" width=\"840\" height=\"611\" srcset=\"http:\/\/www.jack-russell-sawasdee.de\/wp-content\/uploads\/2021\/09\/Klubsiegerin-Blue-1024x745.jpg 1024w, http:\/\/www.jack-russell-sawasdee.de\/wp-content\/uploads\/2021\/09\/Klubsiegerin-Blue-300x218.jpg 300w, http:\/\/www.jack-russell-sawasdee.de\/wp-content\/uploads\/2021\/09\/Klubsiegerin-Blue-768x558.jpg 768w, http:\/\/www.jack-russell-sawasdee.de\/wp-content\/uploads\/2021\/09\/Klubsiegerin-Blue-1536x1117.jpg 1536w, http:\/\/www.jack-russell-sawasdee.de\/wp-content\/uploads\/2021\/09\/Klubsiegerin-Blue-2048x1489.jpg 2048w, http:\/\/www.jack-russell-sawasdee.de\/wp-content\/uploads\/2021\/09\/Klubsiegerin-Blue-1200x873.jpg 1200w\" sizes=\"auto, (max-width: 709px) 85vw, (max-width: 909px) 67vw, (max-width: 1362px) 62vw, 840px\" \/><\/td>\n<td style=\"width: 13.9285%;\"><\/td>\n<\/tr>\n<\/tbody>\n<\/table>\n","protected":false},"excerpt":{"rendered":"<p>PEDIGREE\/GESUNDHEIT\u00a0 \u00a0 \u00a0 \u00a0 \u00a0AUSSTELLUNG\u00a0 \u00a0 \u00a0 \u00a0 \u00a0\u00a0FOTOECKE\u00a0 &nbsp; 14 AUSSTELLUNGEN \u2014 14 PLATZIERUNGEN 9 X PLATZ 1 5 X PLATZ 2 1 X CAC-J 2 x RESCAC 5 x BOS 2 x Best Puppy 6 x CAC BOB Klub-Siegerin 1 x RESCACIB KFT-Klubsiegerin Deutscher Champion KFT<\/p>\n","protected":false},"author":1,"featured_media":0,"parent":0,"menu_order":0,"comment_status":"closed","ping_status":"closed","template":"","meta":{"footnotes":"","_links_to":"","_links_to_target":""},"class_list":["post-1562","page","type-page","status-publish","hentry"],"_links":{"self":[{"href":"http:\/\/www.jack-russell-sawasdee.de\/index.php?rest_route=\/wp\/v2\/pages\/1562","targetHints":{"allow":["GET"]}}],"collection":[{"href":"http:\/\/www.jack-russell-sawasdee.de\/index.php?rest_route=\/wp\/v2\/pages"}],"about":[{"href":"http:\/\/www.jack-russell-sawasdee.de\/index.php?rest_route=\/wp\/v2\/types\/page"}],"author":[{"embeddable":true,"href":"http:\/\/www.jack-russell-sawasdee.de\/index.php?rest_route=\/wp\/v2\/users\/1"}],"replies":[{"embeddable":true,"href":"http:\/\/www.jack-russell-sawasdee.de\/index.php?rest_route=%2Fwp%2Fv2%2Fcomments&post=1562"}],"version-history":[{"count":28,"href":"http:\/\/www.jack-russell-sawasdee.de\/index.php?rest_route=\/wp\/v2\/pages\/1562\/revisions"}],"predecessor-version":[{"id":2440,"href":"http:\/\/www.jack-russell-sawasdee.de\/index.php?rest_route=\/wp\/v2\/pages\/1562\/revisions\/2440"}],"wp:attachment":[{"href":"http:\/\/www.jack-russell-sawasdee.de\/index.php?rest_route=%2Fwp%2Fv2%2Fmedia&parent=1562"}],"curies":[{"name":"wp","href":"https:\/\/api.w.org\/{rel}","templated":true}]}}