{"id":183,"date":"2019-01-11T13:28:42","date_gmt":"2019-01-11T13:28:42","guid":{"rendered":"http:\/\/www.jack-russell-sawasdee.de\/?page_id=183"},"modified":"2025-10-20T11:21:33","modified_gmt":"2025-10-20T11:21:33","slug":"welpen","status":"publish","type":"page","link":"http:\/\/www.jack-russell-sawasdee.de\/?page_id=183","title":{"rendered":"Welpen"},"content":{"rendered":"<p><\/p>\r\n<h2 style=\"text-align: center;\">\u00a0<\/h2>\r\n<p>&nbsp;<\/p>\r\n<p>zur Zeit haben wir keine Welpen<\/p>\r\n<p>&nbsp;<\/p>\r\n<p>&nbsp;<\/p>\r\n<hr \/>\r\n<p><span style=\"color: #ffff00;\">&#x2665;&#x2665;&#x2665;&#x2665;&#x2665;&#x2665;&#x2665;&#x2665;&#x2665;&#x2665;&#x2665;&#x2665;&#x2665;&#x2665;&#x2665;&#x2665;&#x2665;&#x2665;&#x2665;&#x2665;&#x2665;&#x2665;&#x2665;&#x2665;&#x2665;&#x2665;&#x2665;&#x2665;&#x2665;&#x2665;&#x2665;&#x2665;&#x2665;&#x2665;&#x2665;&#x2665;&#x2665;&#x2665;&#x2665;&#x2665;&#x2665;&#x2665;&#x2665;&#x2665;&#x2665;&#x2665;&#x2665;&#x2665;&#x2665;&#x2665;&#x2665;&#x2665;&#x2665;&#x2665;&#x2665;&#x2665;&#x2665;&#x2665;&#x2665;&#x2665;&#x2665;&#x2665;&#x2665;&#x2665;&#x2665;&#x2665;&#x2665;&#x2665;&#x2665;&#x2665;&#x2665;&#x2665;&#x2665;&#x2665;&#x2665;&#x2665;&#x2665;&#x2665;&#x2665;&#x2665;&#x2665;&#x2665;&#x2665;&#x2665;&#x2665;&#x2665;<\/span><\/p>\r\n<hr \/>\r\n<h4>\u00fcber unsere Welpen<\/h4>\r\n<table style=\"border-collapse: collapse; width: 117.143%;\">\r\n<tbody>\r\n<tr>\r\n<td style=\"width: 45.9002%;\"><img loading=\"lazy\" decoding=\"async\" class=\"alignnone wp-image-2339 size-large\" src=\"http:\/\/www.jack-russell-sawasdee.de\/wp-content\/uploads\/2023\/04\/230424_456-edit-1024x683.jpg\" alt=\"\" width=\"840\" height=\"560\" srcset=\"http:\/\/www.jack-russell-sawasdee.de\/wp-content\/uploads\/2023\/04\/230424_456-edit-1024x683.jpg 1024w, http:\/\/www.jack-russell-sawasdee.de\/wp-content\/uploads\/2023\/04\/230424_456-edit-300x200.jpg 300w, http:\/\/www.jack-russell-sawasdee.de\/wp-content\/uploads\/2023\/04\/230424_456-edit-768x512.jpg 768w, http:\/\/www.jack-russell-sawasdee.de\/wp-content\/uploads\/2023\/04\/230424_456-edit-1536x1024.jpg 1536w, http:\/\/www.jack-russell-sawasdee.de\/wp-content\/uploads\/2023\/04\/230424_456-edit-2048x1365.jpg 2048w, http:\/\/www.jack-russell-sawasdee.de\/wp-content\/uploads\/2023\/04\/230424_456-edit-1200x800.jpg 1200w\" sizes=\"auto, (max-width: 709px) 85vw, (max-width: 909px) 67vw, (max-width: 1362px) 62vw, 840px\" \/><\/td>\r\n<td style=\"width: 46.2427%;\"><img loading=\"lazy\" decoding=\"async\" class=\"alignnone wp-image-2340 size-large\" src=\"http:\/\/www.jack-russell-sawasdee.de\/wp-content\/uploads\/2023\/04\/230424_451-edit-1024x683.jpg\" alt=\"\" width=\"840\" height=\"560\" srcset=\"http:\/\/www.jack-russell-sawasdee.de\/wp-content\/uploads\/2023\/04\/230424_451-edit-1024x683.jpg 1024w, http:\/\/www.jack-russell-sawasdee.de\/wp-content\/uploads\/2023\/04\/230424_451-edit-300x200.jpg 300w, http:\/\/www.jack-russell-sawasdee.de\/wp-content\/uploads\/2023\/04\/230424_451-edit-768x512.jpg 768w, http:\/\/www.jack-russell-sawasdee.de\/wp-content\/uploads\/2023\/04\/230424_451-edit-1536x1024.jpg 1536w, http:\/\/www.jack-russell-sawasdee.de\/wp-content\/uploads\/2023\/04\/230424_451-edit-2048x1365.jpg 2048w, http:\/\/www.jack-russell-sawasdee.de\/wp-content\/uploads\/2023\/04\/230424_451-edit-1200x800.jpg 1200w\" sizes=\"auto, (max-width: 709px) 85vw, (max-width: 909px) 67vw, (max-width: 1362px) 62vw, 840px\" \/><\/td>\r\n<\/tr>\r\n<\/tbody>\r\n<\/table>\r\n<p>Unsere Welpen werden bei uns im Haus geboren und aufgezogen, bis sie bereit sind, zu ihren neuen Besitzern zu gehen. W\u00e4hrend dieser Zeit, in der sie bei uns sind, tun wir unser Bestes, um die Welpen so gut wie m\u00f6glich zu sozialisieren, damit sie frei und offen zu ihren Besitzern gehen k\u00f6nnen.<\/p>\r\n<p>Wenn sie unser Haus verlassen, sind sie mindestens dreimal entwurmt, geimpft und gechipt. Sie bekommen eine tier\u00e4rztliche Bescheinigung \u00fcber den augenblicklichen Zustand ihres Welpen. Die Welpen werden von dem Zuchtwart des VDH-KFT &#8222;Klub f\u00fcr Terrier&#8220; in der zweiten Lebenswoche und vor der Abgabe noch einmal auf die Richtigkeit der Versorgung \u00a0kontrolliert damit er dann die Ahnentafeln beim\u00a0 Verband beantragen kann.<\/p>\r\n<p>Jeder Welpe erh\u00e4lt von uns\u00a0 fast seine komplette Erstausstattung, bestehend auf Futter &amp; Wassert\u00f6pfen, Halsband und Leine, diverse Spiel und Kauartikel, Kotbeutelspender und Beutel, Impfpassh\u00fcllen, Kuscheldecke und VetBed, Welpen Starterkit und eine umfangreiche Info-Mappe\/Hundefibel \u00fcber den Werdegang des Welpen sowie diverse Ratgeber. Eine kleine Nervennahrung f\u00fcr die k\u00fcnftigen Welpen-Eltern gibt&#8217;s noch oben drauf.<\/p>\r\n<p>Die kleinen M\u00e4use d\u00fcrfen, wenn es warm genug ist, drau\u00dfen im \u00fcberdachtem\/Raubvogel gesch\u00fctztem Au\u00dfengehegen nach Herzenslust toben. Daf\u00fcr stehen ihnen diverse Wackel und Ger\u00e4usch Spielger\u00e4te zur Verf\u00fcgung.<\/p>\r\n<table style=\"border-collapse: collapse; width: 100%;\">\r\n<tbody>\r\n<tr>\r\n<td style=\"width: 33.3333%;\"><img loading=\"lazy\" decoding=\"async\" class=\"alignnone wp-image-2317 size-large\" src=\"http:\/\/www.jack-russell-sawasdee.de\/wp-content\/uploads\/2023\/04\/Welpenauslauf3-1024x768.jpg\" alt=\"\" width=\"840\" height=\"630\" srcset=\"http:\/\/www.jack-russell-sawasdee.de\/wp-content\/uploads\/2023\/04\/Welpenauslauf3-1024x768.jpg 1024w, http:\/\/www.jack-russell-sawasdee.de\/wp-content\/uploads\/2023\/04\/Welpenauslauf3-300x225.jpg 300w, http:\/\/www.jack-russell-sawasdee.de\/wp-content\/uploads\/2023\/04\/Welpenauslauf3-768x576.jpg 768w, http:\/\/www.jack-russell-sawasdee.de\/wp-content\/uploads\/2023\/04\/Welpenauslauf3.jpg 1106w\" sizes=\"auto, (max-width: 709px) 85vw, (max-width: 909px) 67vw, (max-width: 1362px) 62vw, 840px\" \/><\/td>\r\n<td style=\"width: 33.3333%;\"><img loading=\"lazy\" decoding=\"async\" class=\"alignnone wp-image-2320 size-large\" src=\"http:\/\/www.jack-russell-sawasdee.de\/wp-content\/uploads\/2023\/04\/Welpenauslauf2-1024x768.jpg\" alt=\"\" width=\"840\" height=\"630\" srcset=\"http:\/\/www.jack-russell-sawasdee.de\/wp-content\/uploads\/2023\/04\/Welpenauslauf2-1024x768.jpg 1024w, http:\/\/www.jack-russell-sawasdee.de\/wp-content\/uploads\/2023\/04\/Welpenauslauf2-300x225.jpg 300w, http:\/\/www.jack-russell-sawasdee.de\/wp-content\/uploads\/2023\/04\/Welpenauslauf2-768x576.jpg 768w, http:\/\/www.jack-russell-sawasdee.de\/wp-content\/uploads\/2023\/04\/Welpenauslauf2.jpg 1106w\" sizes=\"auto, (max-width: 709px) 85vw, (max-width: 909px) 67vw, (max-width: 1362px) 62vw, 840px\" \/><\/td>\r\n<td style=\"width: 33.3333%;\"><img loading=\"lazy\" decoding=\"async\" class=\"alignnone wp-image-2321 size-large\" src=\"http:\/\/www.jack-russell-sawasdee.de\/wp-content\/uploads\/2023\/04\/Welpenauslauf-1-1024x768.jpg\" alt=\"\" width=\"840\" height=\"630\" srcset=\"http:\/\/www.jack-russell-sawasdee.de\/wp-content\/uploads\/2023\/04\/Welpenauslauf-1-1024x768.jpg 1024w, http:\/\/www.jack-russell-sawasdee.de\/wp-content\/uploads\/2023\/04\/Welpenauslauf-1-300x225.jpg 300w, http:\/\/www.jack-russell-sawasdee.de\/wp-content\/uploads\/2023\/04\/Welpenauslauf-1-768x576.jpg 768w, http:\/\/www.jack-russell-sawasdee.de\/wp-content\/uploads\/2023\/04\/Welpenauslauf-1.jpg 1106w\" sizes=\"auto, (max-width: 709px) 85vw, (max-width: 909px) 67vw, (max-width: 1362px) 62vw, 840px\" \/><\/td>\r\n<\/tr>\r\n<\/tbody>\r\n<\/table>\r\n<p><\/p>","protected":false},"excerpt":{"rendered":"<p>\u00a0 &nbsp; zur Zeit haben wir keine Welpen &nbsp; &nbsp; &#x2665;&#x2665;&#x2665;&#x2665;&#x2665;&#x2665;&#x2665;&#x2665;&#x2665;&#x2665;&#x2665;&#x2665;&#x2665;&#x2665;&#x2665;&#x2665;&#x2665;&#x2665;&#x2665;&#x2665;&#x2665;&#x2665;&#x2665;&#x2665;&#x2665;&#x2665;&#x2665;&#x2665;&#x2665;&#x2665;&#x2665;&#x2665;&#x2665;&#x2665;&#x2665;&#x2665;&#x2665;&#x2665;&#x2665;&#x2665;&#x2665;&#x2665;&#x2665;&#x2665;&#x2665;&#x2665;&#x2665;&#x2665;&#x2665;&#x2665;&#x2665;&#x2665;&#x2665;&#x2665;&#x2665;&#x2665;&#x2665;&#x2665;&#x2665;&#x2665;&#x2665;&#x2665;&#x2665;&#x2665;&#x2665;&#x2665;&#x2665;&#x2665;&#x2665;&#x2665;&#x2665;&#x2665;&#x2665;&#x2665;&#x2665;&#x2665;&#x2665;&#x2665;&#x2665;&#x2665;&#x2665;&#x2665;&#x2665;&#x2665;&#x2665;&#x2665; \u00fcber unsere Welpen Unsere Welpen werden bei uns im Haus geboren und aufgezogen, bis sie bereit sind, zu ihren neuen Besitzern zu gehen. W\u00e4hrend dieser Zeit, in der sie bei uns sind, tun wir unser Bestes, um die Welpen so gut wie m\u00f6glich zu &hellip; <a href=\"http:\/\/www.jack-russell-sawasdee.de\/?page_id=183\" class=\"more-link\"><span class=\"screen-reader-text\">\u201eWelpen\u201c <\/span>weiterlesen<\/a><\/p>\n","protected":false},"author":1,"featured_media":0,"parent":0,"menu_order":0,"comment_status":"closed","ping_status":"closed","template":"","meta":{"footnotes":"","_links_to":"","_links_to_target":""},"class_list":["post-183","page","type-page","status-publish","hentry"],"_links":{"self":[{"href":"http:\/\/www.jack-russell-sawasdee.de\/index.php?rest_route=\/wp\/v2\/pages\/183","targetHints":{"allow":["GET"]}}],"collection":[{"href":"http:\/\/www.jack-russell-sawasdee.de\/index.php?rest_route=\/wp\/v2\/pages"}],"about":[{"href":"http:\/\/www.jack-russell-sawasdee.de\/index.php?rest_route=\/wp\/v2\/types\/page"}],"author":[{"embeddable":true,"href":"http:\/\/www.jack-russell-sawasdee.de\/index.php?rest_route=\/wp\/v2\/users\/1"}],"replies":[{"embeddable":true,"href":"http:\/\/www.jack-russell-sawasdee.de\/index.php?rest_route=%2Fwp%2Fv2%2Fcomments&post=183"}],"version-history":[{"count":161,"href":"http:\/\/www.jack-russell-sawasdee.de\/index.php?rest_route=\/wp\/v2\/pages\/183\/revisions"}],"predecessor-version":[{"id":3108,"href":"http:\/\/www.jack-russell-sawasdee.de\/index.php?rest_route=\/wp\/v2\/pages\/183\/revisions\/3108"}],"wp:attachment":[{"href":"http:\/\/www.jack-russell-sawasdee.de\/index.php?rest_route=%2Fwp%2Fv2%2Fmedia&parent=183"}],"curies":[{"name":"wp","href":"https:\/\/api.w.org\/{rel}","templated":true}]}}