{"id":2132,"date":"2023-01-19T10:12:09","date_gmt":"2023-01-19T10:12:09","guid":{"rendered":"http:\/\/www.jack-russell-sawasdee.de\/?page_id=2132"},"modified":"2025-12-10T07:46:32","modified_gmt":"2025-12-10T07:46:32","slug":"die-schlaue-ecke","status":"publish","type":"page","link":"http:\/\/www.jack-russell-sawasdee.de\/?page_id=2132","title":{"rendered":"\u00fcber uns"},"content":{"rendered":"<p><a href=\"http:\/\/www.jack-russell-sawasdee.de\/\">zur\u00fcck<\/a><\/p>\n<p><em><span style=\"font-size: 14pt; font-family: Verdana, Geneva;\">Der\u00a0Kennel Sawasdee z\u00fcchtet nachweislich nur mit korrekten, physisch\u00a0und psychisch gesunden, Gen-untersuchten und frei von Erbkrankheiten erfolgreichen Hunden.<\/span><\/em><\/p>\n<p><em><span style=\"font-family: Verdana, Geneva;\"><span style=\"font-size: 14pt;\">Richtlinie ist der vom FCI \/ VDH \/ \u00a0Klub f\u00fcr Terrier vorgegebene\u00a0Rassenstandard, den wir stets fest im Blick haben und versuchen ihn dar\u00fcber hinaus zu verbessern.<\/span><\/span><\/em><\/p>\n<p><span style=\"font-size: 14pt;\"><em><span style=\"font-family: Verdana, Geneva;\">Wir z\u00fcchten zum \u00fcberwiegenden Teil, aus alten lang bew\u00e4hrten und bekannten Blutlinien erfolgreicher Champions, um eine hervorragende Nachzucht zu bekommen.<\/span><\/em><\/span><\/p>\n<p><em><span style=\"font-family: Verdana, Geneva; font-size: 14pt;\">Daher ist es uns auch m\u00f6glich, unsere Hunde auf Nationalen und Internationalen Ausstellungen \u00e4u\u00dferst erfolgreich zu pr\u00e4sentieren.<\/span><\/em><\/p>\n<p><em><span style=\"font-family: Verdana, Geneva; font-size: 14pt;\"><span style=\"font-family: Verdana, Geneva;\"><span style=\"font-size: 14pt;\">F\u00fcr uns ist sehr wichtig, weiterhin gesunde und typ volle<\/span><span style=\"font-size: 14pt;\">\u00a0Terrier zu z\u00fcchten.<\/span><\/span><\/span><\/em><\/p>\n<p><span style=\"font-family: Verdana, Geneva;\"><i><span style=\"font-size: 18.6667px;\">Zucht muss Leidenschaft sein und keine Massenproduktion. Unsere Hunde leben bei uns und nicht in Co-Ownerschaft damit man noch mehr W\u00fcrfe erzielen kann. <\/span><\/i><\/span><\/p>\n<p><span style=\"font-family: Verdana, Geneva;\"><i><span style=\"font-size: 18.6667px;\">1985 bin ich den VDH eingetreten um dort schon bereits erfolgreich im Schutzhundesport\/Ausbildung t\u00e4tig zu sein. Ich habe weit \u00fcber 100 Pr\u00fcfungen SCH H-Bereich, FH und IPO absolviert. Dabei wurde ich unz\u00e4hlige Male Vereins\/-Kreis-\/Landes und Vizeweltmeisterin. <\/span><\/i><\/span><\/p>\n<p><span style=\"font-family: Verdana, Geneva;\"><i><span style=\"font-size: 18.6667px;\"><span style=\"font-family: Verdana, Geneva;\"><span style=\"font-size: 18.6667px;\">Erst 2009 wagte ich mich in die &#8222;Zuchtszene&#8220;, mit meinen Border Collies. Auch da hatte ich ein gl\u00fcckliches H\u00e4ndchen und nat\u00fcrlich auch die richtigen Leute an meiner Hand, die mit mir ihr unsagbares Wissen teilten und lehrten. Jede Woche fuhr ich knapp 200 km und alle 14 Tage 2x um alles (Groomen, Ringtraining, Blutlinien u.v.m.) von der Picke auf zu lernen. Auch dieses Mal wurde meine Leidenschaft mit vielen Auszeichnungen und Titeln belohnt.\u00a0 <\/span><\/span><\/span><\/i><\/span><\/p>\n<p><span style=\"font-family: Verdana, Geneva;\"><i><span style=\"font-size: 18.6667px;\"><span style=\"font-family: Verdana, Geneva;\"><span style=\"font-size: 18.6667px;\">Jetzt werden die Hundis etwas kleiner aber nicht unspannender. Seit 2017 z\u00fcchte ich nun die kleinen lustigen Kerlchen die &#8222;Australischen&#8220; Jack Russell. Dieser Jack Russell wurde in Australien weitergez\u00fcchtet ohne Einkreuzungen anderer Rassen wie z.B. amer. Dackel, so das dieser JR das rassetypische Geb\u00e4ude beibehalten haben (nicht die so oft zu sehenden krummen &#8222;Dackelbeine&#8220;.\u00a0<\/span><\/span><\/span><\/i><\/span><\/p>\n<p><span style=\"font-family: Verdana, Geneva;\"><i><span style=\"font-size: 18.6667px;\"><span style=\"font-family: Verdana, Geneva;\"><span style=\"font-size: 18.6667px;\">In Australien haben sich sehr bekannte Zuchtst\u00e4tten mit gesunden, standardgerechten Hunden entwickelt. Meiner Meinung nach ein urspr\u00fcnglicher Typ der Rasse, nicht wie in Europa oder Amerika. Hunde aus Australien verbessern die Zucht. Viele gro\u00dfe\/bekannte Zuchtst\u00e4tten greifen darauf zur\u00fcck.<\/span><\/span><\/span><\/i><\/span><\/p>\n<p><span style=\"font-family: Verdana, Geneva;\"><i><span style=\"font-size: 18.6667px;\">Zucht muss Leidenschaft sein, Zucht hei\u00dft Verantwortung, nicht f\u00fcr die Hunde sondern auch f\u00fcr K\u00e4ufer. Nur mal eben einen Wurf haben das nenne ich verantwortungslos.<\/span><\/i><\/span><\/p>\n<p><span style=\"color: #ffcc00; font-family: 'Trebuchet MS', Geneva;\"><span style=\"font-family: Verdana, Geneva; font-size: 14pt;\">Deshalb bilde ich mich auch stetig weiter und habe folgende Weiterbildungsseminare besucht:<\/span><\/span><\/p>\n<table style=\"border-collapse: collapse; width: 111.191%;\">\n<tbody>\n<tr>\n<td style=\"width: 44.0389%; text-align: center;\">\n<h5><span style=\"font-family: 'Trebuchet MS', Geneva; color: #ffcc00;\">Z\u00fcchterseminar<\/span><\/h5>\n<\/td>\n<td style=\"width: 33.9651%; text-align: center;\">\n<h5><span style=\"font-family: 'Trebuchet MS', Geneva;\">Demokratie der Zucht<\/span><\/h5>\n<\/td>\n<td style=\"width: 53.6058%; text-align: center;\">\n<h5><span style=\"font-family: 'Trebuchet MS', Geneva; color: #ffcc00;\">Zucht in Deutschland<\/span><\/h5>\n<\/td>\n<\/tr>\n<tr>\n<td style=\"width: 44.0389%; text-align: center;\">\n<h5><span style=\"font-family: 'Trebuchet MS', Geneva;\">Augenerkrankung beim Border Collie<\/span><\/h5>\n<\/td>\n<td style=\"width: 33.9651%; text-align: center;\">\n<h5><span style=\"color: #ffff00;\"><span style=\"font-family: 'Trebuchet MS', Geneva; color: #ffcc00;\">DNA-Test in der Hundezucht<\/span><span style=\"font-family: 'Trebuchet MS', Geneva;\">\u00a0<\/span><\/span><\/h5>\n<\/td>\n<td style=\"width: 53.6058%; text-align: center;\">\n<h5><span style=\"font-family: 'Trebuchet MS', Geneva;\">Schmerztherapie bei Gelenkerkrankungen<\/span><span style=\"font-family: 'Trebuchet MS', Geneva;\"><span style=\"color: #ff6600;\">\u00a0<\/span><\/span><\/h5>\n<\/td>\n<\/tr>\n<tr>\n<td style=\"width: 44.0389%; text-align: center;\">\n<h5><span style=\"font-family: 'Trebuchet MS', Geneva; color: #ffcc00;\">Anomalien beim Welpen<\/span><\/h5>\n<\/td>\n<td style=\"width: 33.9651%; text-align: center;\">\n<h5><span style=\"font-family: 'Trebuchet MS', Geneva;\">Anomalien und wichtige Erkrankungen beim neugeborenen Welpen<\/span><\/h5>\n<\/td>\n<td style=\"width: 53.6058%; text-align: center;\">\n<h5><span style=\"font-family: 'Trebuchet MS', Geneva; color: #ffcc00;\">Haltungsbedingungen und Naturheilkunde bei der Zucht und Aufzucht<\/span><\/h5>\n<\/td>\n<\/tr>\n<tr>\n<td style=\"width: 44.0389%; text-align: center;\">\n<h5><span style=\"font-family: 'Trebuchet MS', Geneva;\">Vorbereitung einer H\u00fcndin zur Belegung<\/span><\/h5>\n<\/td>\n<td style=\"width: 33.9651%; text-align: center;\">\n<h5><span style=\"font-family: 'Trebuchet MS', Geneva; color: #ffcc00;\">Versorgung einer tr\u00e4chtigen H\u00fcndin, Geburtsvorgang und Welpenaufzucht<\/span><\/h5>\n<\/td>\n<td style=\"width: 53.6058%; text-align: center;\">\n<h5><span style=\"font-family: 'Trebuchet MS', Geneva; color: #000000;\">\u00a0<span style=\"color: #ffffff;\">1.Hilfe am Hund<\/span><\/span><\/h5>\n<\/td>\n<\/tr>\n<tr>\n<td style=\"width: 44.0389%; text-align: center;\">\n<h5><span style=\"font-family: 'Trebuchet MS', Geneva; color: #ffcc00;\"> Parasiten am Hund<\/span><\/h5>\n<\/td>\n<td style=\"width: 33.9651%; text-align: center;\">\n<h5><span style=\"font-family: 'Trebuchet MS', Geneva;\">Welpensterben-Grund f\u00fcr <b>Resorption<\/b><\/span><\/h5>\n<\/td>\n<td style=\"width: 53.6058%; text-align: center;\">\n<h5><span style=\"font-family: 'Trebuchet MS', Geneva; color: #ffcc00;\">Seminar zu Rechtsfragen, Vertr\u00e4ge, Verantwortung\u00a0<\/span><\/h5>\n<\/td>\n<\/tr>\n<tr>\n<td style=\"width: 44.0389%; text-align: center;\">\n<h5><span style=\"font-family: 'Trebuchet MS', Geneva;\">HDE \/ OCD<\/span><\/h5>\n<\/td>\n<td style=\"width: 33.9651%; text-align: center;\">\n<h5><span style=\"font-family: 'Trebuchet MS', Geneva; color: #ffcc00;\">Grundkenntnisse der Genetik, Zuchtstrategie-Epigenetik<\/span><\/h5>\n<\/td>\n<td style=\"width: 53.6058%; text-align: center;\">\n<h5><span style=\"font-family: 'Trebuchet MS', Geneva;\">rund ums decken<\/span><\/h5>\n<\/td>\n<\/tr>\n<tr>\n<td style=\"width: 44.0389%; text-align: center;\">\n<h5><span style=\"font-family: 'Trebuchet MS', Geneva; color: #ffcc00;\">Missbildungen und Erbkrankheiten beim Welpen<\/span><\/h5>\n<\/td>\n<td style=\"width: 33.9651%; text-align: center;\">\n<h5><span style=\"font-family: 'Trebuchet MS', Geneva;\">Neonatologie<\/span><span style=\"font-family: 'Trebuchet MS', Geneva; color: #ffcc00;\">\u00a0<\/span><\/h5>\n<\/td>\n<td style=\"width: 53.6058%; text-align: center;\">\n<h5><span style=\"font-family: 'Trebuchet MS', Geneva; color: #ffcc00;\">Hodenhochstand, Gewinnung, Lagerung von Samen<\/span><\/h5>\n<\/td>\n<\/tr>\n<tr>\n<td style=\"width: 44.0389%; text-align: center;\">\n<h5><span style=\"font-family: 'Trebuchet MS', Geneva;\">Hilfe, wir werden alt! -Wie viel Einfluss haben wir auf Genetik und Umwelt?(Frau Dr. Binder, Wien)<\/span><\/h5>\n<\/td>\n<td style=\"width: 33.9651%; text-align: center;\">\n<h5><span style=\"font-family: 'Trebuchet MS', Geneva; color: #ffcc00;\">Wenn sie \u00e4lter werden &#8211; Besondere Ern\u00e4hrungsbed\u00fcrfnisse \u00e4lterer Hunde (Frau PD Dr. Koch, Hofheim)<\/span><\/h5>\n<\/td>\n<td style=\"width: 53.6058%; text-align: center;\">\n<h5><span style=\"font-family: 'Trebuchet MS', Geneva;\">Was ist los mit der Fruchtbarkeit? Infertilit\u00e4tsprobleme bei R\u00fcden und H\u00fcndinnen<br \/>\n(Herr Dr. Blendinger, Hofheim)<\/span><\/h5>\n<\/td>\n<\/tr>\n<tr>\n<td style=\"width: 44.0389%; text-align: center;\">\n<h5><span style=\"font-family: 'Trebuchet MS', Geneva; color: #ffcc00;\">Erbkrankheiten in der Hundezucht<\/span><\/h5>\n<h5><\/h5>\n<\/td>\n<td style=\"width: 33.9651%; text-align: center;\">\n<h5><span style=\"font-family: 'Trebuchet MS', Geneva;\">Welpenverluste bei der Geburt vorbeugen und Neugeborenenerkrankungen fr\u00fchzeitig erkennen<\/span><\/h5>\n<\/td>\n<td style=\"width: 53.6058%; text-align: center;\">\n<h5><span style=\"font-family: 'Trebuchet MS', Geneva; color: #ffcc00;\">Die Nachgeburtsphase \u2013 \u00a0ECAR Krankheitssymptome richtig interpretieren<br \/>\n<\/span><span style=\"font-family: 'Trebuchet MS', Geneva; color: #ffcc00;\">(Herr Dr. Herbel)<\/span><\/h5>\n<\/td>\n<\/tr>\n<tr>\n<td style=\"width: 44.0389%; text-align: center;\">\n<h5><span style=\"font-family: 'Trebuchet MS', Geneva;\">Erkennung und Behandlung neonataler Welpenerkrankungen\u2013 Krankheits-symptome richtig interpretieren (Frau Dr. M\u00fcnnich)<\/span><\/h5>\n<\/td>\n<td style=\"width: 33.9651%; text-align: center;\">\n<h5><span style=\"font-family: 'Trebuchet MS', Geneva; color: #ffcc00;\">Genetische Testung in der Hundezucht \u2013 Einmal quer durch den Dschungel der<br \/>\nM\u00f6glichkeiten (Frau Dr. Geretschl\u00e4ger)\u00a0<\/span><\/h5>\n<\/td>\n<td style=\"width: 53.6058%; text-align: center;\">\n<h5><span style=\"font-family: 'Trebuchet MS', Geneva;\">Vererbung der Fellfarben beim Hund \u2013 Farbgenetik Webinar<br \/>\n(Frau Dr. Segert)\u00a0<\/span><\/h5>\n<\/td>\n<\/tr>\n<tr>\n<td style=\"width: 44.0389%; text-align: center;\">\n<h5><span style=\"font-family: 'Trebuchet MS', Geneva; color: #ffcc00;\">Napfcheck f\u00fcr Jungspunde &#8211; Gewichtsentwicklung und relevante N\u00e4hrstoffe<br \/>\nw\u00e4hrend des Wachstums (Frau Dr. Fritz)<\/span><\/h5>\n<\/td>\n<td style=\"width: 33.9651%; text-align: center;\">\n<h5><span style=\"font-family: 'Trebuchet MS', Geneva;\">Verschiedene Ern\u00e4hrungsformen bei Welpen und Ern\u00e4hrung bei Sonderf\u00e4llen<br \/>\n(Frau PD Dr. K\u00f6lle)<\/span><\/h5>\n<\/td>\n<td style=\"width: 53.6058%; text-align: center;\">\n<h5><span style=\"font-family: 'Trebuchet MS', Geneva; color: #ffcc00;\">Gesundheitscheck der H\u00fcndin vor dem Decken &#8211; Welche Untersuchung und Behandlung macht Sinn? (Dr. Konrad Blendinger)\u00a0<\/span><\/h5>\n<\/td>\n<\/tr>\n<tr>\n<td style=\"width: 44.0389%; text-align: center;\">\n<h5><span style=\"font-family: 'Trebuchet MS', Geneva;\">Entwicklung der Welpen rund um die Geburt &#8211; Gesundheit f\u00f6rdern, Probleme erkennen (Frau Dr. Maren Sievert)<\/span><\/h5>\n<\/td>\n<td style=\"width: 33.9651%; text-align: center;\">\n<h5><span style=\"font-family: 'Trebuchet MS', Geneva; color: #ffcc00;\">Die \u00c4nderung der Tierschutzhundeverordnung 2024 (Rechtsanwalt Andreas Ackenheil)\u00a0<\/span><\/h5>\n<\/td>\n<td style=\"width: 53.6058%; text-align: center;\">\n<h5><span style=\"font-family: 'Trebuchet MS', Geneva;\">Gesundheit von H\u00fcndin und Welpen\u00a0 (Dr. Julia Gedon &amp; Dr. Maren Sievert)<\/span><span style=\"font-family: 'Trebuchet MS', Geneva; color: #ffcc00;\">\u00a0<\/span><\/h5>\n<\/td>\n<\/tr>\n<tr>\n<td style=\"width: 44.0389%; text-align: center;\">\n<h5><span style=\"color: #ffcc00;\"><span style=\"font-family: 'Trebuchet MS', Geneva;\">Tumorerkrankungen der Fortpflanzungsorgane (<\/span><span style=\"font-family: 'Trebuchet MS', Geneva;\">Dr. Julia Gedon)<\/span><\/span><\/h5>\n<\/td>\n<td style=\"width: 33.9651%; text-align: center;\">\n<h5><span style=\"font-family: 'Trebuchet MS', Geneva;\">Die Hundegeburt- ein magisches Erlebnis und Umgang mit Geburtsst\u00f6rungen (<\/span><span style=\"font-family: 'Trebuchet MS', Geneva;\">Dr. Maren Sievert)<\/span><\/h5>\n<\/td>\n<td style=\"width: 53.6058%; text-align: center;\">\n<h5><span style=\"color: #ffcc00;\"><span style=\"font-family: 'Trebuchet MS', Geneva;\">Die Doppelbelegung der H\u00fcndin<br \/>\n<\/span><span style=\"font-family: 'Trebuchet MS', Geneva;\">(<\/span><span style=\"font-family: 'Trebuchet MS', Geneva;\">Dr. Maren Sievert)<\/span><\/span><\/h5>\n<\/td>\n<\/tr>\n<tr>\n<td style=\"width: 44.0389%; text-align: center;\">\n<h5><span style=\"font-family: 'Trebuchet MS', Geneva;\">Herpesviren in der Hundezucht<br \/>\n(Dr. Konrad Blendinger)<\/span><\/h5>\n<\/td>\n<td style=\"width: 33.9651%; text-align: center;\">\n<h5><span style=\"color: #ffcc00;\"><span style=\"font-family: 'Trebuchet MS', Geneva;\">&#8222;Pfote drauf! Vertragsrecht f\u00fcr Z\u00fcchter verst\u00e4ndlich erkl\u00e4rt &#8220;<br \/>\n(Rechtsanwalt Andreas Ackenheil)<\/span><\/span><\/h5>\n<\/td>\n<td style=\"width: 53.6058%; text-align: center;\">\n<h5><span style=\"font-family: 'Trebuchet MS', Geneva;\">\u00a0<\/span><\/h5>\n<\/td>\n<\/tr>\n<\/tbody>\n<\/table>\n<p><em><span style=\"font-family: Verdana, Geneva; font-size: 14pt;\">Bitte denken Sie daran, dass der \u00fcberwiegende Teil der Z\u00fcchter mit viel Herzblut bei der Sache ist und nur dann weiter diese wundervollen Hunde z\u00fcchten kann, wenn es der K\u00e4ufer fair entlohnt.<\/span><\/em><\/p>\n<p><em><span style=\"font-family: Verdana, Geneva; font-size: 14pt;\">Unsere Homepage soll neben der Pr\u00e4sentation unserer Hunde und Erfolge, auch als Wissensdatenbank und zur Information von Zucht und Krankheiten bei dem\u00a0 Jack Russell dienen.<\/span><\/em><\/p>\n<hr \/>\n<p><strong>\u00a0<\/strong><em><span style=\"font-family: Verdana, Geneva; font-size: 14pt;\">Angelika Pauls<\/span><\/em><\/p>\n<p><em><span style=\"font-family: Verdana, Geneva; font-size: 14pt;\">Steinstrasse\u00a025<\/span><\/em><\/p>\n<p><em><span style=\"font-family: Verdana, Geneva; font-size: 14pt;\">53332\u00a0Bornheim<\/span><\/em><\/p>\n<p><em><span style=\"font-family: Verdana, Geneva; font-size: 14pt;\">Telefon: 022 27 \/ 46 28<\/span><\/em><\/p>\n<p><em><span style=\"font-family: Verdana, Geneva; font-size: 14pt;\">Mobil: 0172 \/ 788 39 56<\/span><\/em><\/p>\n<p><em><span style=\"font-family: Verdana, Geneva; font-size: 14pt;\">E-Mail:\u00a0<a href=\"mailto:info@border-collie-sawasdee.de\">info@jack-russell-sawasdee.de<\/a><\/span><\/em><\/p>\n<p><strong><em>\u00a0<\/em><\/strong><\/p>\n","protected":false},"excerpt":{"rendered":"<p>zur\u00fcck Der\u00a0Kennel Sawasdee z\u00fcchtet nachweislich nur mit korrekten, physisch\u00a0und psychisch gesunden, Gen-untersuchten und frei von Erbkrankheiten erfolgreichen Hunden. Richtlinie ist der vom FCI \/ VDH \/ \u00a0Klub f\u00fcr Terrier vorgegebene\u00a0Rassenstandard, den wir stets fest im Blick haben und versuchen ihn dar\u00fcber hinaus zu verbessern. Wir z\u00fcchten zum \u00fcberwiegenden Teil, aus alten lang bew\u00e4hrten und bekannten &hellip; <a href=\"http:\/\/www.jack-russell-sawasdee.de\/?page_id=2132\" class=\"more-link\"><span class=\"screen-reader-text\">\u201e\u00fcber uns\u201c <\/span>weiterlesen<\/a><\/p>\n","protected":false},"author":1,"featured_media":0,"parent":0,"menu_order":0,"comment_status":"closed","ping_status":"closed","template":"","meta":{"footnotes":"","_links_to":"","_links_to_target":""},"class_list":["post-2132","page","type-page","status-publish","hentry"],"_links":{"self":[{"href":"http:\/\/www.jack-russell-sawasdee.de\/index.php?rest_route=\/wp\/v2\/pages\/2132","targetHints":{"allow":["GET"]}}],"collection":[{"href":"http:\/\/www.jack-russell-sawasdee.de\/index.php?rest_route=\/wp\/v2\/pages"}],"about":[{"href":"http:\/\/www.jack-russell-sawasdee.de\/index.php?rest_route=\/wp\/v2\/types\/page"}],"author":[{"embeddable":true,"href":"http:\/\/www.jack-russell-sawasdee.de\/index.php?rest_route=\/wp\/v2\/users\/1"}],"replies":[{"embeddable":true,"href":"http:\/\/www.jack-russell-sawasdee.de\/index.php?rest_route=%2Fwp%2Fv2%2Fcomments&post=2132"}],"version-history":[{"count":54,"href":"http:\/\/www.jack-russell-sawasdee.de\/index.php?rest_route=\/wp\/v2\/pages\/2132\/revisions"}],"predecessor-version":[{"id":3110,"href":"http:\/\/www.jack-russell-sawasdee.de\/index.php?rest_route=\/wp\/v2\/pages\/2132\/revisions\/3110"}],"wp:attachment":[{"href":"http:\/\/www.jack-russell-sawasdee.de\/index.php?rest_route=%2Fwp%2Fv2%2Fmedia&parent=2132"}],"curies":[{"name":"wp","href":"https:\/\/api.w.org\/{rel}","templated":true}]}}